{"id":3,"date":"2025-03-15T21:25:53","date_gmt":"2025-03-15T21:25:53","guid":{"rendered":"http:\/\/localhost:1112\/?page_id=3"},"modified":"2025-07-26T17:08:42","modified_gmt":"2025-07-26T17:08:42","slug":"privacy-policy","status":"publish","type":"page","link":"https:\/\/www.workbestiedog.de\/?page_id=3","title":{"rendered":"Datenschutzerkl\u00e4rung"},"content":{"rendered":"\n<p>Verantwortliche im Sinne der Datenschutzgesetze, insbesondere der EU-Datenschutzgrundverordnung (DSGVO), ist:<\/p>\n\n\n\n<p>Minju Kim<br>Berlin<br>info[at]workbestiedog.de<br>www.workbestiedog.de<\/p>\n\n\n\n<h2 class=\"wp-block-heading\">Arten der erhobenen und verarbeiteten Daten<\/h2>\n\n\n\n<h3 class=\"wp-block-heading\">Log-Daten<\/h3>\n\n\n\n<p>Beim Besuch dieser Website fallen automatische Verbindungsdaten an. Dazu geh\u00f6ren die besuchte Seite, Datum und Uhrzeit des Abrufs, die \u00fcbertragene Datenmenge, Meldung \u00fcber erfolgreichen Abruf, Browsertyp und -version, Referrer URL (zuvor besuchte Webseite, von der die aufgerufene Webseite verlinkt ist) und IP-Adresse.<\/p>\n\n\n\n<h4 class=\"wp-block-heading\">Speicherdauer<\/h4>\n\n\n\n<p>Daten die beim Aufruf der Website entstehen werden nach 48 Stunden gel\u00f6scht.<\/p>\n\n\n\n<h4 class=\"wp-block-heading\">Rechtsgrundlage<\/h4>\n\n\n\n<p>Der Besuch dieser Webseiten und die Speicherung der Log-Files beruhen auf Art 6 Abs. 1 Buchstabe f) DSGVO<\/p>\n\n\n\n<h2 class=\"wp-block-heading\">Rechte als betroffene Person<\/h2>\n\n\n\n<p>Recht auf Auskunft<\/p>\n\n\n\n<p>Sie haben jederzeit das Recht, von uns eine Best\u00e4tigung dar\u00fcber zu erhalten, ob personenbezogene Daten, die Sie betreffen, verarbeitet werden. Ist dies der Fall, so haben Sie das Recht, von uns eine unentgeltliche Auskunft \u00fcber die zu Ihnen gespeicherten personenbezogenen Daten nebst einer Kopie dieser Daten zu erlangen.<\/p>\n","protected":false},"excerpt":{"rendered":"<p>Verantwortliche im Sinne der Datenschutzgesetze, insbesondere der EU-Datenschutzgrundverordnung (DSGVO), ist: Minju KimBerlininfo[at]workbestiedog.dewww.workbestiedog.de Arten der erhobenen und verarbeiteten Daten Log-Daten Beim Besuch dieser Website fallen automatische Verbindungsdaten an. Dazu geh\u00f6ren die besuchte Seite, Datum und Uhrzeit des Abrufs, die \u00fcbertragene Datenmenge, Meldung \u00fcber erfolgreichen Abruf, Browsertyp und -version, Referrer URL (zuvor besuchte Webseite, von der die [&hellip;]<\/p>\n","protected":false},"author":1,"featured_media":0,"parent":0,"menu_order":0,"comment_status":"closed","ping_status":"open","template":"","meta":{"footnotes":""},"class_list":["post-3","page","type-page","status-publish","hentry"],"_links":{"self":[{"href":"https:\/\/www.workbestiedog.de\/index.php?rest_route=\/wp\/v2\/pages\/3","targetHints":{"allow":["GET"]}}],"collection":[{"href":"https:\/\/www.workbestiedog.de\/index.php?rest_route=\/wp\/v2\/pages"}],"about":[{"href":"https:\/\/www.workbestiedog.de\/index.php?rest_route=\/wp\/v2\/types\/page"}],"author":[{"embeddable":true,"href":"https:\/\/www.workbestiedog.de\/index.php?rest_route=\/wp\/v2\/users\/1"}],"replies":[{"embeddable":true,"href":"https:\/\/www.workbestiedog.de\/index.php?rest_route=%2Fwp%2Fv2%2Fcomments&post=3"}],"version-history":[{"count":6,"href":"https:\/\/www.workbestiedog.de\/index.php?rest_route=\/wp\/v2\/pages\/3\/revisions"}],"predecessor-version":[{"id":114,"href":"https:\/\/www.workbestiedog.de\/index.php?rest_route=\/wp\/v2\/pages\/3\/revisions\/114"}],"wp:attachment":[{"href":"https:\/\/www.workbestiedog.de\/index.php?rest_route=%2Fwp%2Fv2%2Fmedia&parent=3"}],"curies":[{"name":"wp","href":"https:\/\/api.w.org\/{rel}","templated":true}]}}